{"id":1026,"date":"2024-10-08T00:11:20","date_gmt":"2024-10-08T00:11:20","guid":{"rendered":"https:\/\/mundicomex.ec\/?page_id=1026"},"modified":"2024-10-17T13:14:00","modified_gmt":"2024-10-17T13:14:00","slug":"categoria-c","status":"publish","type":"page","link":"https:\/\/mundicomex.ec\/?page_id=1026","title":{"rendered":"Categoria C"},"content":{"rendered":"\t\t<div data-elementor-type=\"wp-page\" data-elementor-id=\"1026\" class=\"elementor elementor-1026\" data-elementor-post-type=\"page\">\n\t\t\t\t<div class=\"elementor-element elementor-element-fb0fd93 e-flex e-con-boxed e-con e-parent\" data-id=\"fb0fd93\" data-element_type=\"container\">\n\t\t\t\t\t<div class=\"e-con-inner\">\n\t\t\t\t<div class=\"elementor-element elementor-element-77e30f9 elementor-widget elementor-widget-spacer\" data-id=\"77e30f9\" data-element_type=\"widget\" data-widget_type=\"spacer.default\">\n\t\t\t\t<div class=\"elementor-widget-container\">\n\t\t\t\t\t\t\t<div class=\"elementor-spacer\">\n\t\t\t<div class=\"elementor-spacer-inner\"><\/div>\n\t\t<\/div>\n\t\t\t\t\t\t<\/div>\n\t\t\t\t<\/div>\n\t\t\t\t\t<\/div>\n\t\t\t\t<\/div>\n\t\t<div class=\"elementor-element elementor-element-a400c93 e-flex e-con-boxed e-con e-parent\" data-id=\"a400c93\" data-element_type=\"container\">\n\t\t\t\t\t<div class=\"e-con-inner\">\n\t\t<div class=\"elementor-element elementor-element-4c4841d e-con-full e-flex e-con e-child\" data-id=\"4c4841d\" data-element_type=\"container\">\n\t\t\t\t<div class=\"elementor-element elementor-element-1f3f281 elementor-widget elementor-widget-heading\" data-id=\"1f3f281\" data-element_type=\"widget\" data-widget_type=\"heading.default\">\n\t\t\t\t<div class=\"elementor-widget-container\">\n\t\t\t\t\t<h2 class=\"elementor-heading-title elementor-size-default\">CATEGOR\u00cdA C<\/h2>\t\t\t\t<\/div>\n\t\t\t\t<\/div>\n\t\t\t\t<div class=\"elementor-element elementor-element-b1eb0bb elementor-widget elementor-widget-text-editor\" data-id=\"b1eb0bb\" data-element_type=\"widget\" data-widget_type=\"text-editor.default\">\n\t\t\t\t<div class=\"elementor-widget-container\">\n\t\t\t\t\t\t\t\t\t<p>Para importaciones mediante el r\u00e9gimen<br \/>courier, se permite el <strong><span style=\"color: #ff6600;\">env\u00edo de mercanc\u00edas<\/span><\/strong><br \/><strong><span style=\"color: #ff6600;\">con un valor de hasta $5,000 y un peso<\/span><\/strong><br \/><strong><span style=\"color: #ff6600;\">m\u00e1ximo de 100 kg.<\/span><\/strong><\/p><p><br \/>Este servicio es ideal para empresas,<br \/>emprendedores o para cargas medianas<br \/>que requieren una soluci\u00f3n r\u00e1pida y sencilla<br \/>para importar productos y optimizar<br \/>tiempos.<\/p>\t\t\t\t\t\t\t\t<\/div>\n\t\t\t\t<\/div>\n\t\t\t\t<\/div>\n\t\t<div class=\"elementor-element elementor-element-0d3ec1c e-con-full e-flex e-con e-child\" data-id=\"0d3ec1c\" data-element_type=\"container\" data-settings=\"{&quot;background_background&quot;:&quot;classic&quot;}\">\n\t\t\t\t<\/div>\n\t\t\t\t\t<\/div>\n\t\t\t\t<\/div>\n\t\t<div class=\"elementor-element elementor-element-932757b e-flex e-con-boxed e-con e-parent\" data-id=\"932757b\" data-element_type=\"container\">\n\t\t\t\t\t<div class=\"e-con-inner\">\n\t\t\t\t<div class=\"elementor-element elementor-element-003ffd2 elementor-widget elementor-widget-spacer\" data-id=\"003ffd2\" data-element_type=\"widget\" data-widget_type=\"spacer.default\">\n\t\t\t\t<div class=\"elementor-widget-container\">\n\t\t\t\t\t\t\t<div class=\"elementor-spacer\">\n\t\t\t<div class=\"elementor-spacer-inner\"><\/div>\n\t\t<\/div>\n\t\t\t\t\t\t<\/div>\n\t\t\t\t<\/div>\n\t\t\t\t\t<\/div>\n\t\t\t\t<\/div>\n\t\t\t\t<\/div>\n\t\t","protected":false},"excerpt":{"rendered":"<p>CATEGOR\u00cdA C Para importaciones mediante el r\u00e9gimencourier, se permite el env\u00edo de mercanc\u00edascon un valor de hasta $5,000 y un pesom\u00e1ximo de 100 kg. Este servicio es ideal para empresas,emprendedores o para cargas medianasque requieren una soluci\u00f3n r\u00e1pida y sencillapara importar productos y optimizartiempos.<\/p>\n","protected":false},"author":1,"featured_media":0,"parent":0,"menu_order":0,"comment_status":"closed","ping_status":"closed","template":"","meta":{"footnotes":""},"class_list":["post-1026","page","type-page","status-publish","hentry"],"_links":{"self":[{"href":"https:\/\/mundicomex.ec\/index.php?rest_route=\/wp\/v2\/pages\/1026","targetHints":{"allow":["GET"]}}],"collection":[{"href":"https:\/\/mundicomex.ec\/index.php?rest_route=\/wp\/v2\/pages"}],"about":[{"href":"https:\/\/mundicomex.ec\/index.php?rest_route=\/wp\/v2\/types\/page"}],"author":[{"embeddable":true,"href":"https:\/\/mundicomex.ec\/index.php?rest_route=\/wp\/v2\/users\/1"}],"replies":[{"embeddable":true,"href":"https:\/\/mundicomex.ec\/index.php?rest_route=%2Fwp%2Fv2%2Fcomments&post=1026"}],"version-history":[{"count":10,"href":"https:\/\/mundicomex.ec\/index.php?rest_route=\/wp\/v2\/pages\/1026\/revisions"}],"predecessor-version":[{"id":1361,"href":"https:\/\/mundicomex.ec\/index.php?rest_route=\/wp\/v2\/pages\/1026\/revisions\/1361"}],"wp:attachment":[{"href":"https:\/\/mundicomex.ec\/index.php?rest_route=%2Fwp%2Fv2%2Fmedia&parent=1026"}],"curies":[{"name":"wp","href":"https:\/\/api.w.org\/{rel}","templated":true}]}}