{"id":1028,"date":"2024-10-08T00:11:20","date_gmt":"2024-10-08T00:11:20","guid":{"rendered":"https:\/\/mundicomex.ec\/?page_id=1028"},"modified":"2024-10-17T14:31:53","modified_gmt":"2024-10-17T14:31:53","slug":"carga-de-consumo","status":"publish","type":"page","link":"https:\/\/mundicomex.ec\/?page_id=1028","title":{"rendered":"Carga de consumo"},"content":{"rendered":"\t\t<div data-elementor-type=\"wp-page\" data-elementor-id=\"1028\" class=\"elementor elementor-1028\" data-elementor-post-type=\"page\">\n\t\t\t\t<div class=\"elementor-element elementor-element-f741c71 e-flex e-con-boxed e-con e-parent\" data-id=\"f741c71\" data-element_type=\"container\">\n\t\t\t\t\t<div class=\"e-con-inner\">\n\t\t\t\t<div class=\"elementor-element elementor-element-a8e6264 elementor-widget elementor-widget-spacer\" data-id=\"a8e6264\" data-element_type=\"widget\" data-widget_type=\"spacer.default\">\n\t\t\t\t<div class=\"elementor-widget-container\">\n\t\t\t\t\t\t\t<div class=\"elementor-spacer\">\n\t\t\t<div class=\"elementor-spacer-inner\"><\/div>\n\t\t<\/div>\n\t\t\t\t\t\t<\/div>\n\t\t\t\t<\/div>\n\t\t\t\t\t<\/div>\n\t\t\t\t<\/div>\n\t\t<div class=\"elementor-element elementor-element-75b6ee5 e-flex e-con-boxed e-con e-parent\" data-id=\"75b6ee5\" data-element_type=\"container\">\n\t\t\t\t\t<div class=\"e-con-inner\">\n\t\t<div class=\"elementor-element elementor-element-eeb9686 e-con-full e-flex e-con e-child\" data-id=\"eeb9686\" data-element_type=\"container\" data-settings=\"{&quot;background_background&quot;:&quot;classic&quot;}\">\n\t\t\t\t<\/div>\n\t\t<div class=\"elementor-element elementor-element-3771ab5 e-con-full e-flex e-con e-child\" data-id=\"3771ab5\" data-element_type=\"container\">\n\t\t\t\t<div class=\"elementor-element elementor-element-4b5f686 elementor-widget elementor-widget-heading\" data-id=\"4b5f686\" data-element_type=\"widget\" data-widget_type=\"heading.default\">\n\t\t\t\t<div class=\"elementor-widget-container\">\n\t\t\t\t\t<h2 class=\"elementor-heading-title elementor-size-default\">CARGA DE CONSUMO<\/h2>\t\t\t\t<\/div>\n\t\t\t\t<\/div>\n\t\t\t\t<div class=\"elementor-element elementor-element-60f85a5 elementor-widget elementor-widget-text-editor\" data-id=\"60f85a5\" data-element_type=\"widget\" data-widget_type=\"text-editor.default\">\n\t\t\t\t<div class=\"elementor-widget-container\">\n\t\t\t\t\t\t\t\t\t<p>Perfecto para negocios que requieren un<br \/><strong><span style=\"color: #ff6600;\">abastecimiento continuo o grandes<\/span><\/strong><br \/><strong><span style=\"color: #ff6600;\">cantidades de productos<\/span><\/strong>, este servicio<br \/>garantiza un proceso eficiente y seguro,<br \/>optimizando la log\u00edstica de tu empresa al<br \/>facilitar la importaci\u00f3n de cargas significativas.<br \/>Para importaciones de <strong><span style=\"color: #ff6600;\">mercanc\u00edas cuyo valor <\/span><\/strong><strong><span style=\"color: #ff6600;\">es superior a:<\/span><\/strong><\/p>\t\t\t\t\t\t\t\t<\/div>\n\t\t\t\t<\/div>\n\t\t\t\t<div class=\"elementor-element elementor-element-7735d55 elementor-widget elementor-widget-image\" data-id=\"7735d55\" data-element_type=\"widget\" data-widget_type=\"image.default\">\n\t\t\t\t<div class=\"elementor-widget-container\">\n\t\t\t\t\t\t\t\t\t\t\t\t\t\t\t<img fetchpriority=\"high\" decoding=\"async\" width=\"800\" height=\"119\" src=\"https:\/\/mundicomex.ec\/wp-content\/uploads\/2024\/10\/17-min-1024x152.png\" class=\"attachment-large size-large wp-image-1372\" alt=\"\" srcset=\"https:\/\/mundicomex.ec\/wp-content\/uploads\/2024\/10\/17-min-1024x152.png 1024w, https:\/\/mundicomex.ec\/wp-content\/uploads\/2024\/10\/17-min-300x45.png 300w, https:\/\/mundicomex.ec\/wp-content\/uploads\/2024\/10\/17-min-768x114.png 768w, https:\/\/mundicomex.ec\/wp-content\/uploads\/2024\/10\/17-min-1536x228.png 1536w, https:\/\/mundicomex.ec\/wp-content\/uploads\/2024\/10\/17-min.png 1920w\" sizes=\"(max-width: 800px) 100vw, 800px\" \/>\t\t\t\t\t\t\t\t\t\t\t\t\t\t\t<\/div>\n\t\t\t\t<\/div>\n\t\t\t\t<\/div>\n\t\t\t\t\t<\/div>\n\t\t\t\t<\/div>\n\t\t<div class=\"elementor-element elementor-element-6649544 e-flex e-con-boxed e-con e-parent\" data-id=\"6649544\" data-element_type=\"container\">\n\t\t\t\t\t<div class=\"e-con-inner\">\n\t\t\t\t<div class=\"elementor-element elementor-element-8afef78 elementor-widget elementor-widget-spacer\" data-id=\"8afef78\" data-element_type=\"widget\" data-widget_type=\"spacer.default\">\n\t\t\t\t<div class=\"elementor-widget-container\">\n\t\t\t\t\t\t\t<div class=\"elementor-spacer\">\n\t\t\t<div class=\"elementor-spacer-inner\"><\/div>\n\t\t<\/div>\n\t\t\t\t\t\t<\/div>\n\t\t\t\t<\/div>\n\t\t\t\t\t<\/div>\n\t\t\t\t<\/div>\n\t\t\t\t<\/div>\n\t\t","protected":false},"excerpt":{"rendered":"<p>CARGA DE CONSUMO Perfecto para negocios que requieren unabastecimiento continuo o grandescantidades de productos, este serviciogarantiza un proceso eficiente y seguro,optimizando la log\u00edstica de tu empresa alfacilitar la importaci\u00f3n de cargas significativas.Para importaciones de mercanc\u00edas cuyo valor es superior a:<\/p>\n","protected":false},"author":1,"featured_media":0,"parent":0,"menu_order":0,"comment_status":"closed","ping_status":"closed","template":"","meta":{"footnotes":""},"class_list":["post-1028","page","type-page","status-publish","hentry"],"_links":{"self":[{"href":"https:\/\/mundicomex.ec\/index.php?rest_route=\/wp\/v2\/pages\/1028","targetHints":{"allow":["GET"]}}],"collection":[{"href":"https:\/\/mundicomex.ec\/index.php?rest_route=\/wp\/v2\/pages"}],"about":[{"href":"https:\/\/mundicomex.ec\/index.php?rest_route=\/wp\/v2\/types\/page"}],"author":[{"embeddable":true,"href":"https:\/\/mundicomex.ec\/index.php?rest_route=\/wp\/v2\/users\/1"}],"replies":[{"embeddable":true,"href":"https:\/\/mundicomex.ec\/index.php?rest_route=%2Fwp%2Fv2%2Fcomments&post=1028"}],"version-history":[{"count":16,"href":"https:\/\/mundicomex.ec\/index.php?rest_route=\/wp\/v2\/pages\/1028\/revisions"}],"predecessor-version":[{"id":1399,"href":"https:\/\/mundicomex.ec\/index.php?rest_route=\/wp\/v2\/pages\/1028\/revisions\/1399"}],"wp:attachment":[{"href":"https:\/\/mundicomex.ec\/index.php?rest_route=%2Fwp%2Fv2%2Fmedia&parent=1028"}],"curies":[{"name":"wp","href":"https:\/\/api.w.org\/{rel}","templated":true}]}}