{"id":112,"date":"2024-09-30T20:50:28","date_gmt":"2024-09-30T20:50:28","guid":{"rendered":"https:\/\/enviexpress.ec\/?page_id=112"},"modified":"2024-10-21T19:19:20","modified_gmt":"2024-10-21T19:19:20","slug":"trabaja-con-nosotros","status":"publish","type":"page","link":"https:\/\/mundicomex.ec\/?page_id=112","title":{"rendered":"Contactos"},"content":{"rendered":"\t\t<div data-elementor-type=\"wp-page\" data-elementor-id=\"112\" class=\"elementor elementor-112\" data-elementor-post-type=\"page\">\n\t\t\t\t<div class=\"elementor-element elementor-element-ec3ae94 e-flex e-con-boxed e-con e-parent\" data-id=\"ec3ae94\" data-element_type=\"container\">\n\t\t\t\t\t<div class=\"e-con-inner\">\n\t\t\t\t<div class=\"elementor-element elementor-element-aaa528e elementor-widget elementor-widget-spacer\" data-id=\"aaa528e\" data-element_type=\"widget\" data-widget_type=\"spacer.default\">\n\t\t\t\t<div class=\"elementor-widget-container\">\n\t\t\t\t\t\t\t<div class=\"elementor-spacer\">\n\t\t\t<div class=\"elementor-spacer-inner\"><\/div>\n\t\t<\/div>\n\t\t\t\t\t\t<\/div>\n\t\t\t\t<\/div>\n\t\t\t\t\t<\/div>\n\t\t\t\t<\/div>\n\t\t<div class=\"elementor-element elementor-element-29eb485 e-flex e-con-boxed e-con e-parent\" data-id=\"29eb485\" data-element_type=\"container\">\n\t\t\t\t\t<div class=\"e-con-inner\">\n\t\t<div class=\"elementor-element elementor-element-6d81deb e-con-full e-flex e-con e-child\" data-id=\"6d81deb\" data-element_type=\"container\">\n\t\t\t\t<div class=\"elementor-element elementor-element-910997a elementor-widget elementor-widget-heading\" data-id=\"910997a\" data-element_type=\"widget\" data-widget_type=\"heading.default\">\n\t\t\t\t<div class=\"elementor-widget-container\">\n\t\t\t\t\t<h2 class=\"elementor-heading-title elementor-size-default\">Cont\u00e1ctanos<\/h2>\t\t\t\t<\/div>\n\t\t\t\t<\/div>\n\t\t\t\t<div class=\"elementor-element elementor-element-f295f61 elementor-widget elementor-widget-text-editor\" data-id=\"f295f61\" data-element_type=\"widget\" data-widget_type=\"text-editor.default\">\n\t\t\t\t<div class=\"elementor-widget-container\">\n\t\t\t\t\t\t\t\t\t<p>Env\u00edanos un correo electr\u00f3nico, ll\u00e1manos o<br \/>llena el formulario de tu inter\u00e9s para ponerte<br \/>en contacto con nosotros.<\/p>\t\t\t\t\t\t\t\t<\/div>\n\t\t\t\t<\/div>\n\t\t\t\t<div class=\"elementor-element elementor-element-aff79d9 elementor-widget elementor-widget-heading\" data-id=\"aff79d9\" data-element_type=\"widget\" data-widget_type=\"heading.default\">\n\t\t\t\t<div class=\"elementor-widget-container\">\n\t\t\t\t\t<h2 class=\"elementor-heading-title elementor-size-default\">Servicio al cliente\n<\/h2>\t\t\t\t<\/div>\n\t\t\t\t<\/div>\n\t\t\t\t<div class=\"elementor-element elementor-element-90283d9 elementor-widget elementor-widget-text-editor\" data-id=\"90283d9\" data-element_type=\"widget\" data-widget_type=\"text-editor.default\">\n\t\t\t\t<div class=\"elementor-widget-container\">\n\t\t\t\t\t\t\t\t\t<p>1700 436 654<br \/>info@mundicomex.ec<\/p>\t\t\t\t\t\t\t\t<\/div>\n\t\t\t\t<\/div>\n\t\t\t\t<div class=\"elementor-element elementor-element-9c6dff4 elementor-widget elementor-widget-heading\" data-id=\"9c6dff4\" data-element_type=\"widget\" data-widget_type=\"heading.default\">\n\t\t\t\t<div class=\"elementor-widget-container\">\n\t\t\t\t\t<h2 class=\"elementor-heading-title elementor-size-default\">Solicita un servicio<\/h2>\t\t\t\t<\/div>\n\t\t\t\t<\/div>\n\t\t\t\t<div class=\"elementor-element elementor-element-9031b53 elementor-widget elementor-widget-text-editor\" data-id=\"9031b53\" data-element_type=\"widget\" data-widget_type=\"text-editor.default\">\n\t\t\t\t<div class=\"elementor-widget-container\">\n\t\t\t\t\t\t\t\t\t<p>\u00bfQuieres solicitar informaci\u00f3n sobre nuestros servicios?Proporciona tus datos y pronto nos pondremos en<br \/>contacto.<\/p>\t\t\t\t\t\t\t\t<\/div>\n\t\t\t\t<\/div>\n\t\t\t\t<\/div>\n\t\t\t\t<div class=\"elementor-element elementor-element-66ce96d elementor-widget elementor-widget-spacer\" data-id=\"66ce96d\" data-element_type=\"widget\" data-widget_type=\"spacer.default\">\n\t\t\t\t<div class=\"elementor-widget-container\">\n\t\t\t\t\t\t\t<div class=\"elementor-spacer\">\n\t\t\t<div class=\"elementor-spacer-inner\"><\/div>\n\t\t<\/div>\n\t\t\t\t\t\t<\/div>\n\t\t\t\t<\/div>\n\t\t<div class=\"elementor-element elementor-element-042383e e-con-full e-flex e-con e-child\" data-id=\"042383e\" data-element_type=\"container\" data-settings=\"{&quot;background_background&quot;:&quot;classic&quot;}\">\n\t\t\t\t<div class=\"elementor-element elementor-element-7899843 elementor-widget elementor-widget-text-editor\" data-id=\"7899843\" data-element_type=\"widget\" data-widget_type=\"text-editor.default\">\n\t\t\t\t<div class=\"elementor-widget-container\">\n\t\t\t\t\t\t\t\t\t\n            <div class=\"elfsight-widget-form-builder elfsight-widget\" data-elfsight-form-builder-options=\"%7B%22ei%22%3A%22%22%2C%22fields%22%3A%5B%7B%22type%22%3A%22text%22%2C%22placeholder%22%3A%22MundiComex%22%2C%22description%22%3A%22%22%2C%22label%22%3A%22Empresa%22%2C%22required%22%3Afalse%2C%22columnWidth%22%3A50%2C%22id%22%3A%22%5Bempresa%5D%22%7D%2C%7B%22type%22%3A%22text%22%2C%22placeholder%22%3A%22Alexander%20Cruz%22%2C%22description%22%3A%22%22%2C%22label%22%3A%22Nombre%20y%20Apellido%22%2C%22required%22%3Afalse%2C%22columnWidth%22%3A50%2C%22id%22%3A%22%5Bnombre-y-apellido%5D%22%7D%2C%7B%22type%22%3A%22email%22%2C%22label%22%3A%22Correo%20electr%5Cu00f3nico%20%22%2C%22description%22%3A%22%22%2C%22placeholder%22%3A%22alexandercruz%40gmail.com%22%2C%22required%22%3Atrue%2C%22columnWidth%22%3A50%2C%22id%22%3A%22%5Bcorreo-electr%5Cu00f3nico-%5D%22%7D%2C%7B%22type%22%3A%22phone%22%2C%22label%22%3A%22Tel%5Cu00e9fono%20%22%2C%22placeholder%22%3A%220987654321%22%2C%22description%22%3A%22%22%2C%22required%22%3Afalse%2C%22columnWidth%22%3A50%2C%22id%22%3A%22%5Btel%5Cu00e9fono-%5D%22%7D%2C%7B%22type%22%3A%22text%22%2C%22placeholder%22%3A%22Quito%20%5C%2F%20Ecuador%22%2C%22description%22%3A%22%22%2C%22label%22%3A%22Ciudad%20%5C%2F%20Pais%22%2C%22required%22%3Afalse%2C%22columnWidth%22%3A50%2C%22id%22%3A%22%5Bciudad-%5C%2F-pais%5D%22%7D%2C%7B%22type%22%3A%22checkbox%22%2C%22label%22%3A%22Servicio%22%2C%22name%22%3A%22%22%2C%22placeholder%22%3A%22%22%2C%22options%22%3A%22Categoria%20C%5CnCarga%20de%20consumo%5CnExportaci%5Cu00f3n%22%2C%22scaleNumbersMin%22%3A1%2C%22scaleNumbersMax%22%3A10%2C%22leftCaption%22%3A%22Not%20likely%22%2C%22rightCaption%22%3A%22Very%20likely%22%2C%22fileLinkCaption%22%3A%22Choose%20file%22%2C%22fileDragCaption%22%3A%22or%20drag%20%26%20drop%20here%22%2C%22text%22%3A%22Text%22%2C%22title%22%3A%22Heading%22%2C%22caption%22%3A%22%22%2C%22value%22%3A%22%22%2C%22labelText%22%3A%22Label%22%2C%22dateTime%22%3A%22date%22%2C%22dateFormat%22%3A%22d.m.Y%22%2C%22timeFormat%22%3A%22H%3Ai%22%2C%22starsCount%22%3A5%2C%22required%22%3Afalse%2C%22description%22%3A%22%22%2C%22columnWidth%22%3A100%2C%22elementColumnWidth%22%3A100%2C%22fileAllowedAll%22%3Atrue%2C%22fileAllowed%22%3A%5B%22.jpg%22%2C%22.jpeg%22%2C%22.png%22%2C%22.gif%22%2C%22.txt%22%2C%22.pdf%22%2C%22.doc%22%2C%22.docx%22%2C%22.pages%22%2C%22.numbers%22%2C%22.xls%22%2C%22.xlsx%22%2C%22.odt%22%2C%22.ppt%22%2C%22.pptx%22%2C%22.pps%22%2C%22.ppsx%22%2C%22.html%22%5D%2C%22fileMax%22%3A25%2C%22fields%22%3A%22%22%2C%22id%22%3A%22%5Bservicio%5D%22%7D%2C%7B%22type%22%3A%22textarea%22%2C%22label%22%3A%22Mensaje%22%2C%22description%22%3A%22%22%2C%22placeholder%22%3A%22D%5Cu00e9janos%20tu%20mensaje%22%2C%22required%22%3Atrue%2C%22columnWidth%22%3A100%2C%22id%22%3A%22%5Bmensaje%5D%22%7D%5D%2C%22headerActive%22%3Afalse%2C%22headerTitle%22%3A%22Get%20in%20Touch%22%2C%22headerText%22%3A%22Leave%20your%20message%20and%20we%27ll%20get%20back%20to%20you%20shortly.%22%2C%22headerPictureUrl%22%3A%22message%22%2C%22footerText%22%3A%22%22%2C%22actionAfterSubmit%22%3A%22message%22%2C%22successMessage%22%3A%22%5Cu00a1Tu%20mensaje%20fue%20enviado%20exitosamente%21%20Le%20responderemos%20en%20breve.%3Cbr%3E%22%2C%22successContinueText%22%3A%22OK%22%2C%22redirectUrl%22%3A%22https%3A%5C%2F%5C%2Fexample.com%22%2C%22submitText%22%3A%22Enviar%22%2C%22stepsMessagesDivider%22%3Anull%2C%22stepsMessagesTitle%22%3Anull%2C%22stepsText%22%3A%22step%20%251%20of%20%252%22%2C%22stepBackText%22%3A%22Back%22%2C%22stepNextText%22%3A%22Next%22%2C%22errorMessageAllRequired%22%3A%22Por%20favor%2C%20complete%20todos%20los%20campos%20requeridos%22%2C%22errorMessageAllIncorrect%22%3A%22Por%20favor%2C%20rellena%20todos%20los%20campos%20correctamente.%22%2C%22errorMessageSetMailTo%22%3A%22Por%20favor%2C%20configura%20el%20correo%20electr%5Cu00f3nico%20para%20enviar%20mensajes%20a%22%2C%22errorMessageRequiredCaptcha%22%3A%22Por%20favor%2C%20completa%20el%20captcha%22%2C%22errorMessageFileSizeLimit%22%3A%22Se%20super%5Cu00f3%20el%20l%5Cu00edmite%20de%20tama%5Cu00f1o%20de%20archivo%22%2C%22errorMessageFileNotAllowed%22%3A%22Extensi%5Cu00f3n%20de%20archivo%20no%20permitida%20-%20Solo%20PDF%22%2C%22errorMessageUnknown%22%3A%22Error%20desconocido%22%2C%22errorMessageRequired%22%3A%22Campo%20requerido%22%2C%22errorMessageInvalid%22%3A%22Invalido%22%2C%22errorMessageInvalidEmail%22%3A%22Correo%20electr%5Cu00f3nico%20no%20v%5Cu00e1lido%22%2C%22errorMessageInvalidPhone%22%3A%22N%5Cu00famero%20de%20tel%5Cu00e9fono%20no%20v%5Cu00e1lido%22%2C%22errorMessageInvalidUrl%22%3A%22URL%20no%20v%5Cu00e1lida%22%2C%22calendarWeekdaysShorthand%22%3A%22Dom%5CnLun%5CnMar%5CnMie%5CnJue%5CnVie%5CnSab%22%2C%22calendarMonthsLonghand%22%3A%22Enero%5CnFebrero%5CnMarzo%5CnAbril%5CnPuede%5CnJunio%5CnJulio%5CnAgosto%5CnSeptiembre%5CnOctubre%5CnNoviembre%5CnDiciembre%22%2C%22showProgress%22%3Atrue%2C%22recaptchaType%22%3A%22invisible%22%2C%22integrationsGoogleToken%22%3A%22%22%2C%22integrationsGoogleSheetId%22%3A%22%22%2C%22layout%22%3A%22default%22%2C%22floatingIcon%22%3A%22message%22%2C%22floatingText%22%3A%22%22%2C%22floatingPosition%22%3A%22right%22%2C%22width%22%3A%22500%22%2C%22style%22%3A%22flat-rounded%22%2C%22mainColor%22%3A%22rgb%28255%2C%20179%2C%200%29%22%2C%22apiUrl%22%3A%22https%3A%5C%2F%5C%2Fmundicomex.ec%5C%2Findex.php%3Frest_route%3D%5C%2Felfsight-form-builder%5C%2Fapi%22%2C%22recaptchaKeyCheckbox%22%3A%226LfXGHgUAAAAAHNIE_EH7kEI1l4xvf_ynIlg5bfo%22%2C%22recaptchaKeyInvisible%22%3A%226Ld1CXgUAAAAAFTHmixC1Eo-NP7_3ddB1YOj9AfX%22%2C%22widgetId%22%3A%221%22%7D\" data-elfsight-form-builder-version=\"1.5.1\" data-elfsight-widget-id=\"elfsight-form-builder-1\">\n            <\/div>\n            \t\t\t\t\t\t\t\t<\/div>\n\t\t\t\t<\/div>\n\t\t\t\t<\/div>\n\t\t\t\t\t<\/div>\n\t\t\t\t<\/div>\n\t\t<div class=\"elementor-element elementor-element-b440663 e-flex e-con-boxed e-con e-parent\" data-id=\"b440663\" data-element_type=\"container\">\n\t\t\t\t\t<div class=\"e-con-inner\">\n\t\t\t\t<div class=\"elementor-element elementor-element-3c52e1e elementor-widget elementor-widget-spacer\" data-id=\"3c52e1e\" data-element_type=\"widget\" data-widget_type=\"spacer.default\">\n\t\t\t\t<div class=\"elementor-widget-container\">\n\t\t\t\t\t\t\t<div class=\"elementor-spacer\">\n\t\t\t<div class=\"elementor-spacer-inner\"><\/div>\n\t\t<\/div>\n\t\t\t\t\t\t<\/div>\n\t\t\t\t<\/div>\n\t\t\t\t\t<\/div>\n\t\t\t\t<\/div>\n\t\t<div class=\"elementor-element elementor-element-fa07221 e-flex e-con-boxed e-con e-parent\" data-id=\"fa07221\" data-element_type=\"container\">\n\t\t\t\t\t<div class=\"e-con-inner\">\n\t\t<div class=\"elementor-element elementor-element-cbfe3bf e-con-full e-flex e-con e-child\" data-id=\"cbfe3bf\" data-element_type=\"container\" data-settings=\"{&quot;background_background&quot;:&quot;classic&quot;}\">\n\t\t\t\t<div class=\"elementor-element elementor-element-a42db72 elementor-widget elementor-widget-text-editor\" data-id=\"a42db72\" data-element_type=\"widget\" data-widget_type=\"text-editor.default\">\n\t\t\t\t<div class=\"elementor-widget-container\">\n\t\t\t\t\t\t\t\t\t\n            <div class=\"elfsight-widget-form-builder elfsight-widget\" data-elfsight-form-builder-options=\"%7B%22ei%22%3A%22%22%2C%22fields%22%3A%5B%7B%22type%22%3A%22text%22%2C%22placeholder%22%3A%22Alexander%20Cruz%22%2C%22description%22%3A%22%22%2C%22label%22%3A%22Nombre%20y%20Apellido%22%2C%22required%22%3Afalse%2C%22columnWidth%22%3A50%2C%22id%22%3A%22%5Bnombre-y-apellido%5D%22%7D%2C%7B%22type%22%3A%22email%22%2C%22label%22%3A%22Correo%20electr%5Cu00f3nico%20%22%2C%22description%22%3A%22%22%2C%22placeholder%22%3A%22alexandercruz%40gmail.com%22%2C%22required%22%3Atrue%2C%22columnWidth%22%3A50%2C%22id%22%3A%22%5Bcorreo-electr%5Cu00f3nico-%5D%22%7D%2C%7B%22type%22%3A%22phone%22%2C%22label%22%3A%22Tel%5Cu00e9fono%20%22%2C%22placeholder%22%3A%220987654321%22%2C%22description%22%3A%22%22%2C%22required%22%3Afalse%2C%22columnWidth%22%3A50%2C%22id%22%3A%22%5Btel%5Cu00e9fono-%5D%22%7D%2C%7B%22type%22%3A%22text%22%2C%22placeholder%22%3A%22Quito%20%5C%2F%20Ecuador%22%2C%22description%22%3A%22%22%2C%22label%22%3A%22Ciudad%20%5C%2F%20Pais%22%2C%22required%22%3Afalse%2C%22columnWidth%22%3A50%2C%22id%22%3A%22%5Bciudad-%5C%2F-pais%5D%22%7D%2C%7B%22type%22%3A%22text%22%2C%22placeholder%22%3A%22Av.%20Universitaria%20y%20Transversal%22%2C%22description%22%3A%22%22%2C%22label%22%3A%22Direcci%5Cu00f3n%20%5C%2F%20Sector%22%2C%22required%22%3Afalse%2C%22columnWidth%22%3A50%2C%22id%22%3A%22%5Bdirecci%5Cu00f3n-%5C%2F-sector%5D%22%7D%2C%7B%22type%22%3A%22text%22%2C%22placeholder%22%3A%22Gerente%22%2C%22description%22%3A%22%22%2C%22label%22%3A%22%5Cu00daltimo%20cargo%20%5C%2F%20Cargo%20actual%20%22%2C%22required%22%3Afalse%2C%22columnWidth%22%3A50%2C%22id%22%3A%22%5B%5Cu00faltimo-cargo-%5C%2F-cargo-actual-%5D%22%7D%2C%7B%22type%22%3A%22text%22%2C%22placeholder%22%3A%22Inmediata%22%2C%22description%22%3A%22%22%2C%22label%22%3A%22Disponibilidad%22%2C%22required%22%3Afalse%2C%22columnWidth%22%3A50%2C%22id%22%3A%22%5Bdisponibilidad%5D%22%7D%2C%7B%22type%22%3A%22text%22%2C%22placeholder%22%3A%22Marketing%22%2C%22description%22%3A%22%22%2C%22label%22%3A%22Cargo%20al%20que%20aplica%20%22%2C%22required%22%3Afalse%2C%22columnWidth%22%3A50%2C%22id%22%3A%22%5Bcargo-al-que-aplica-%5D%22%7D%2C%7B%22type%22%3A%22textarea%22%2C%22label%22%3A%22Mensaje%22%2C%22description%22%3A%22%22%2C%22placeholder%22%3A%22D%5Cu00e9janos%20tu%20mensaje%22%2C%22required%22%3Atrue%2C%22columnWidth%22%3A100%2C%22id%22%3A%22%5Bmensaje%5D%22%7D%2C%7B%22type%22%3A%22file%22%2C%22label%22%3A%22Adjuntar%20archivo%20%22%2C%22name%22%3A%22%22%2C%22placeholder%22%3A%22%22%2C%22options%22%3A%22Option%201%5CnOption%202%22%2C%22scaleNumbersMin%22%3A1%2C%22scaleNumbersMax%22%3A10%2C%22leftCaption%22%3A%22Not%20likely%22%2C%22rightCaption%22%3A%22Very%20likely%22%2C%22fileLinkCaption%22%3A%22Escoge%20tu%20archivo%22%2C%22fileDragCaption%22%3A%22o%20arrastra%20y%20suelta%20aqu%5Cu00ed%22%2C%22text%22%3A%22Text%22%2C%22title%22%3A%22Heading%22%2C%22caption%22%3A%22%22%2C%22value%22%3A%22%22%2C%22labelText%22%3A%22Label%22%2C%22dateTime%22%3A%22date%22%2C%22dateFormat%22%3A%22d.m.Y%22%2C%22timeFormat%22%3A%22H%3Ai%22%2C%22starsCount%22%3A5%2C%22required%22%3Afalse%2C%22description%22%3A%22%22%2C%22columnWidth%22%3A100%2C%22elementColumnWidth%22%3A100%2C%22fileAllowedAll%22%3Afalse%2C%22fileAllowed%22%3A%5B%22.pdf%22%5D%2C%22fileMax%22%3A25%2C%22fields%22%3A%22%22%2C%22id%22%3A%22%5Badjuntar-archivo-%5D%22%7D%5D%2C%22headerActive%22%3Afalse%2C%22headerTitle%22%3A%22Get%20in%20Touch%22%2C%22headerText%22%3A%22Leave%20your%20message%20and%20we%27ll%20get%20back%20to%20you%20shortly.%22%2C%22headerPictureUrl%22%3A%22message%22%2C%22footerText%22%3A%22%22%2C%22actionAfterSubmit%22%3A%22message%22%2C%22successMessage%22%3A%22%5Cu00a1Tu%20mensaje%20fue%20enviado%20exitosamente%21%20Le%20responderemos%20en%20breve.%3Cbr%3E%22%2C%22successContinueText%22%3A%22OK%22%2C%22redirectUrl%22%3A%22https%3A%5C%2F%5C%2Fexample.com%22%2C%22submitText%22%3A%22Enviar%22%2C%22stepsMessagesDivider%22%3Anull%2C%22stepsMessagesTitle%22%3Anull%2C%22stepsText%22%3A%22step%20%251%20of%20%252%22%2C%22stepBackText%22%3A%22Back%22%2C%22stepNextText%22%3A%22Next%22%2C%22errorMessageAllRequired%22%3A%22Por%20favor%2C%20complete%20todos%20los%20campos%20requeridos%22%2C%22errorMessageAllIncorrect%22%3A%22Por%20favor%2C%20rellena%20todos%20los%20campos%20correctamente.%22%2C%22errorMessageSetMailTo%22%3A%22Por%20favor%2C%20configura%20el%20correo%20electr%5Cu00f3nico%20para%20enviar%20mensajes%20a%22%2C%22errorMessageRequiredCaptcha%22%3A%22Por%20favor%2C%20completa%20el%20captcha%22%2C%22errorMessageFileSizeLimit%22%3A%22Se%20super%5Cu00f3%20el%20l%5Cu00edmite%20de%20tama%5Cu00f1o%20de%20archivo%22%2C%22errorMessageFileNotAllowed%22%3A%22Extensi%5Cu00f3n%20de%20archivo%20no%20permitida%20-%20Solo%20PDF%22%2C%22errorMessageUnknown%22%3A%22Error%20desconocido%22%2C%22errorMessageRequired%22%3A%22Campo%20requerido%22%2C%22errorMessageInvalid%22%3A%22Invalido%22%2C%22errorMessageInvalidEmail%22%3A%22Correo%20electr%5Cu00f3nico%20no%20v%5Cu00e1lido%22%2C%22errorMessageInvalidPhone%22%3A%22N%5Cu00famero%20de%20tel%5Cu00e9fono%20no%20v%5Cu00e1lido%22%2C%22errorMessageInvalidUrl%22%3A%22URL%20no%20v%5Cu00e1lida%22%2C%22calendarWeekdaysShorthand%22%3A%22Dom%5CnLun%5CnMar%5CnMie%5CnJue%5CnVie%5CnSab%22%2C%22calendarMonthsLonghand%22%3A%22Enero%5CnFebrero%5CnMarzo%5CnAbril%5CnPuede%5CnJunio%5CnJulio%5CnAgosto%5CnSeptiembre%5CnOctubre%5CnNoviembre%5CnDiciembre%22%2C%22showProgress%22%3Atrue%2C%22recaptchaType%22%3A%22invisible%22%2C%22integrationsGoogleToken%22%3A%22%22%2C%22integrationsGoogleSheetId%22%3A%22%22%2C%22layout%22%3A%22default%22%2C%22floatingIcon%22%3A%22message%22%2C%22floatingText%22%3A%22%22%2C%22floatingPosition%22%3A%22right%22%2C%22width%22%3A%22500%22%2C%22style%22%3A%22flat-rounded%22%2C%22mainColor%22%3A%22rgb%28255%2C%20179%2C%200%29%22%2C%22apiUrl%22%3A%22https%3A%5C%2F%5C%2Fmundicomex.ec%5C%2Findex.php%3Frest_route%3D%5C%2Felfsight-form-builder%5C%2Fapi%22%2C%22recaptchaKeyCheckbox%22%3A%226LfXGHgUAAAAAHNIE_EH7kEI1l4xvf_ynIlg5bfo%22%2C%22recaptchaKeyInvisible%22%3A%226Ld1CXgUAAAAAFTHmixC1Eo-NP7_3ddB1YOj9AfX%22%2C%22widgetId%22%3A%222%22%7D\" data-elfsight-form-builder-version=\"1.5.1\" data-elfsight-widget-id=\"elfsight-form-builder-2\">\n            <\/div>\n            \t\t\t\t\t\t\t\t<\/div>\n\t\t\t\t<\/div>\n\t\t\t\t<\/div>\n\t\t\t\t<div class=\"elementor-element elementor-element-ace9d78 elementor-widget elementor-widget-spacer\" data-id=\"ace9d78\" data-element_type=\"widget\" data-widget_type=\"spacer.default\">\n\t\t\t\t<div class=\"elementor-widget-container\">\n\t\t\t\t\t\t\t<div class=\"elementor-spacer\">\n\t\t\t<div class=\"elementor-spacer-inner\"><\/div>\n\t\t<\/div>\n\t\t\t\t\t\t<\/div>\n\t\t\t\t<\/div>\n\t\t<div class=\"elementor-element elementor-element-d0a6fdb e-con-full e-flex e-con e-child\" data-id=\"d0a6fdb\" data-element_type=\"container\">\n\t\t\t\t<div class=\"elementor-element elementor-element-f014371 elementor-widget elementor-widget-heading\" data-id=\"f014371\" data-element_type=\"widget\" data-widget_type=\"heading.default\">\n\t\t\t\t<div class=\"elementor-widget-container\">\n\t\t\t\t\t<h2 class=\"elementor-heading-title elementor-size-default\">Trabaja con nosotros\n<\/h2>\t\t\t\t<\/div>\n\t\t\t\t<\/div>\n\t\t\t\t<div class=\"elementor-element elementor-element-a00d950 elementor-widget elementor-widget-text-editor\" data-id=\"a00d950\" data-element_type=\"widget\" data-widget_type=\"text-editor.default\">\n\t\t\t\t<div class=\"elementor-widget-container\">\n\t\t\t\t\t\t\t\t\t<p>\u00bfTe gustar\u00eda unirte a nuestro equipo?<br \/>Completa tus datos y te notificaremos si hay alguna<br \/>posici\u00f3n disponible.<\/p>\t\t\t\t\t\t\t\t<\/div>\n\t\t\t\t<\/div>\n\t\t\t\t<\/div>\n\t\t\t\t\t<\/div>\n\t\t\t\t<\/div>\n\t\t<div class=\"elementor-element elementor-element-a151a18 e-flex e-con-boxed e-con e-parent\" data-id=\"a151a18\" data-element_type=\"container\">\n\t\t\t\t\t<div class=\"e-con-inner\">\n\t\t\t\t<div class=\"elementor-element elementor-element-b70d0fa elementor-widget elementor-widget-spacer\" data-id=\"b70d0fa\" data-element_type=\"widget\" data-widget_type=\"spacer.default\">\n\t\t\t\t<div class=\"elementor-widget-container\">\n\t\t\t\t\t\t\t<div class=\"elementor-spacer\">\n\t\t\t<div class=\"elementor-spacer-inner\"><\/div>\n\t\t<\/div>\n\t\t\t\t\t\t<\/div>\n\t\t\t\t<\/div>\n\t\t\t\t\t<\/div>\n\t\t\t\t<\/div>\n\t\t\t\t<\/div>\n\t\t","protected":false},"excerpt":{"rendered":"<p>Cont\u00e1ctanos Env\u00edanos un correo electr\u00f3nico, ll\u00e1manos ollena el formulario de tu inter\u00e9s para ponerteen contacto con nosotros. Servicio al cliente 1700 436 654info@mundicomex.ec Solicita un servicio \u00bfQuieres solicitar informaci\u00f3n sobre nuestros servicios?Proporciona tus datos y pronto nos pondremos encontacto. Trabaja con nosotros \u00bfTe gustar\u00eda unirte a nuestro equipo?Completa tus datos y te notificaremos si hay [&hellip;]<\/p>\n","protected":false},"author":1,"featured_media":0,"parent":0,"menu_order":0,"comment_status":"closed","ping_status":"closed","template":"","meta":{"footnotes":""},"class_list":["post-112","page","type-page","status-publish","hentry"],"_links":{"self":[{"href":"https:\/\/mundicomex.ec\/index.php?rest_route=\/wp\/v2\/pages\/112","targetHints":{"allow":["GET"]}}],"collection":[{"href":"https:\/\/mundicomex.ec\/index.php?rest_route=\/wp\/v2\/pages"}],"about":[{"href":"https:\/\/mundicomex.ec\/index.php?rest_route=\/wp\/v2\/types\/page"}],"author":[{"embeddable":true,"href":"https:\/\/mundicomex.ec\/index.php?rest_route=\/wp\/v2\/users\/1"}],"replies":[{"embeddable":true,"href":"https:\/\/mundicomex.ec\/index.php?rest_route=%2Fwp%2Fv2%2Fcomments&post=112"}],"version-history":[{"count":41,"href":"https:\/\/mundicomex.ec\/index.php?rest_route=\/wp\/v2\/pages\/112\/revisions"}],"predecessor-version":[{"id":1470,"href":"https:\/\/mundicomex.ec\/index.php?rest_route=\/wp\/v2\/pages\/112\/revisions\/1470"}],"wp:attachment":[{"href":"https:\/\/mundicomex.ec\/index.php?rest_route=%2Fwp%2Fv2%2Fmedia&parent=112"}],"curies":[{"name":"wp","href":"https:\/\/api.w.org\/{rel}","templated":true}]}}